{"id":1000,"date":"2019-12-02T16:35:24","date_gmt":"2019-12-02T15:35:24","guid":{"rendered":"https:\/\/jazzparaeventos.com\/about-us\/"},"modified":"2025-09-23T16:33:47","modified_gmt":"2025-09-23T14:33:47","slug":"about-us","status":"publish","type":"page","link":"https:\/\/jazzparaeventos.com\/en\/about-us\/","title":{"rendered":"About us"},"content":{"rendered":"<div class=\"wpb-content-wrapper\"><p>[vc_row bg_type=&#8221;image&#8221; parallax_style=&#8221;vcpb-vz-jquery&#8221; bg_image_new=&#8221;id^936|url^https:\/\/jazzparaeventos.com\/wp-content\/uploads\/2020\/03\/cabecera-nosotros-02.jpg|caption^null|alt^null|title^cabecera-nosotros-02|description^null&#8221; bg_override=&#8221;ex-full&#8221; css=&#8221;.vc_custom_1583783296130{padding-top: 10% !important;padding-bottom: 10% !important;}&#8221;][vc_column]<div id=\"ultimate-heading-55869ea4cfb8fe18\" class=\"uvc-heading ult-adjust-bottom-margin ultimate-heading-55869ea4cfb8fe18 uvc-763 accent-subtitle-color\" data-hspacer=\"no_spacer\"  data-halign=\"center\" style=\"text-align:center\"><div class=\"uvc-heading-spacer no_spacer\" style=\"top\"><\/div><div class=\"uvc-main-heading ult-responsive\"  data-ultimate-target='.uvc-heading.ultimate-heading-55869ea4cfb8fe18 h2'  data-responsive-json-new='{\"font-size\":\"desktop:70px;mobile_landscape:30px;\",\"line-height\":\"desktop:80px;mobile_landscape:40px;\"}' ><h2 style=\"--font-weight:theme;color:#ffffff;\">The Project<\/h2><\/div><div class=\"uvc-sub-heading ult-responsive\"  data-ultimate-target='.uvc-heading.ultimate-heading-55869ea4cfb8fe18 .uvc-sub-heading '  data-responsive-json-new='{\"font-size\":\"desktop:40px;mobile_landscape:22px;\",\"line-height\":\"desktop:50px;mobile_landscape:32px;\"}'  style=\"font-weight:normal;margin-top:0px;margin-bottom:25px;\">Get to Know The Band<\/div><\/div><style type=\"text\/css\" data-type=\"the7_shortcodes-inline-css\">.dt-breadcrumbs-id-13f0910a0d6b4ddd03e4d2b355f135d4 .breadcrumbs {\n  display: inline-block;\n  margin: 0;\n  padding: 2px 10px 2px 10px;\n  border: 0px solid ;\n  border-radius: 5px;\n}\n.dt-breadcrumbs-id-13f0910a0d6b4ddd03e4d2b355f135d4 .breadcrumbs * {\n  font-size: 13px;\n  line-height: 16px;\n  color: #ffffff;\n}\n<\/style><div class=\"dt-breadcrumbs-shortcode dt-breadcrumbs-id-13f0910a0d6b4ddd03e4d2b355f135d4 align-centre\"><div class=\"assistive-text\">You are here:<\/div><ol class=\"breadcrumbs text-small\" itemscope itemtype=\"https:\/\/schema.org\/BreadcrumbList\"><li itemprop=\"itemListElement\" itemscope itemtype=\"https:\/\/schema.org\/ListItem\"><a itemprop=\"item\" href=\"https:\/\/jazzparaeventos.com\/en\/\" title=\"Home\"><span itemprop=\"name\">Home<\/span><\/a><meta itemprop=\"position\" content=\"1\" \/><\/li><li class=\"current\" itemprop=\"itemListElement\" itemscope itemtype=\"https:\/\/schema.org\/ListItem\"><span itemprop=\"name\">Page<\/span><meta itemprop=\"position\" content=\"2\" \/><\/li><\/ol><\/div>[\/vc_column][\/vc_row][vc_row][vc_column width=&#8221;2\/3&#8243;][vc_column_text]<strong>JAZZ FOR EVENTS<\/strong> is supported by a musical project that was created in July of 2009 as an expression of commitment with <strong>MUSIC<\/strong>, <strong>JAZZ<\/strong>, and <strong>CREATIVITY<\/strong>: <strong>JITTERBUG JAZZ GROUP<\/strong>.<\/p>\n<p style=\"text-align: justify;\">Since 2010 we have accumulated great experience in performing, entertaining, and collaboration with several types of entities and institutions, in both the public spheres as well as in the private circles: M\u00e1laga Music Interactive Museum (MIMMA), the British Consulate in M\u00e1laga, the Town Halls and Culture and Tourism Departments of Nerja, Co\u00edn, Antequera, Mijas, Torremolinos, and Fuengirola, Nerja Cave Foundation, M\u00e1laga Province Delegation, \u201cVilla Salobre\u00f1a\u201d Auditorium, \u201cCaja Blanca\u201d Auditorium-M\u00e1laga, M\u00e1laga English Cemetery, M\u00e1laga\u2019s Official College of Architects and Assistant Architects, Brands Wine Denominations Foundation in M\u00e1laga, National Federation of Nautical Clubs, El Corte Ingl\u00e9s, and many more. In addition, we have had <strong>collaborations and performances<\/strong> in Restaurants, Clubs and Hotels, especially in <strong>Costa del Sol-M\u00e1laga<\/strong>.<\/p>\n<p style=\"text-align: justify;\">Although our <strong>REPERTOIRE<\/strong> is mainly focused on Classic Jazz, it includes several styles: Blues\/Jazz Blues, Latin\/Bossa Nova, Modal\/Modern Jazz, Jazz Standards, Ballads,\u00a0 Classic Film Songs, Pop Songs, and our own compositions, trying to offer a varied and enjoyable musical experience for the public.<\/p>\n<p style=\"text-align: justify;\">In addition, the varied and distinctive <strong>INSTRUMENTS<\/strong> that are included in the project (VOICE, PIANO, CLARINET, ELECTRIC BASS, DOUBLE BASS, PERCUSSION, DRUM SET, CHROMATIC HARMONICA) allow Jitterbug Jazz Group to offer an original, different, attractive musical proposal, with a diversity of possibilities in its timbral combinations, with intimate, soft, smooth, delicate textures&#8230; and also with stronger, overwhelming and rhythmical sounds, all made possible through the qualified education, experience and quality of the <strong>MEMBERS<\/strong> in both their personal artistic career as well as in their collaborations with other musical projects and prestigious Jazz musicians.<\/p>\n<p style=\"text-align: justify;\">Our basic <strong>GOAL<\/strong> is to grow in an artistic, creative, technical, human way, enjoying the development of the project and sharing our feelings with the public when we create and perform <strong>LIVE MUSIC<\/strong> with real instruments and real people, offering the listener an enjoyable and quality experience, from our own personal enjoyment and from our honesty and respect to the public and the musicians, composers, musical bands and institutions that created in the past and continue expanding this wonderful musical style that we call <strong>JAZZ<\/strong>.<\/p>\n<p>[\/vc_column_text][\/vc_column][vc_column width=&#8221;1\/3&#8243;][vc_single_image image=&#8221;850&#8243; img_size=&#8221;full&#8221; onclick=&#8221;link_image&#8221;]<span id=\"creative-link-wrap-6270\" class=\"ult_main_cl ult-adjust-bottom-margin  \" >\n\t \t\t\t<span class=\"ult_cl_link_1  ult_crlink\" >\n\t\t\t\t\t<a  data-ultimate-target='#creative-link-wrap-6270 .ult_colorlink'  data-responsive-json-new='{\"font-size\":\"\",\"line-height\":\"\"}'  href=\"https:\/\/www.juleez.com\/\" title=\"Juleez Painted Musical Instruments Jazz Art\" target=\"_blank\" rel=\"noopener\"  class=\"ult_colorlink ult-responsive \" style=\"font-weight:normal;color:#333333; \"  data-textcolor=\"#333333\" data-texthover=\"#333333\"data-style=\"Style_1\">\n\t\t\t\t\t\t\n\t\t\t\t\t\t<span data-hover=\"www.juleez.com\" style=\"color:#333333;;;\" class=\"ult_btn10_span   \">www.juleez.com<\/span>\n\t\t\t\t\t\t\n\t\t\t\t\t<\/a>\n\t\t\t\t<\/span>\n\t\t\t<\/span>[vc_empty_space][vc_single_image image=&#8221;851&#8243; img_size=&#8221;full&#8221; onclick=&#8221;link_image&#8221;]<span id=\"creative-link-wrap-2874\" class=\"ult_main_cl ult-adjust-bottom-margin  \" >\n\t \t\t\t<span class=\"ult_cl_link_1  ult_crlink\" >\n\t\t\t\t\t<a  data-ultimate-target='#creative-link-wrap-2874 .ult_colorlink'  data-responsive-json-new='{\"font-size\":\"\",\"line-height\":\"\"}'  href=\"https:\/\/www.juleez.com\/\" title=\"Juleez Painted Musical Instruments Jazz Art\" target=\"_blank\" rel=\"noopener\"  class=\"ult_colorlink ult-responsive \" style=\"font-weight:normal;color:#333333; \"  data-textcolor=\"#333333\" data-texthover=\"#333333\"data-style=\"Style_1\">\n\t\t\t\t\t\t\n\t\t\t\t\t\t<span data-hover=\"www.juleez.com\" style=\"color:#333333;;;\" class=\"ult_btn10_span   \">www.juleez.com<\/span>\n\t\t\t\t\t\t\n\t\t\t\t\t<\/a>\n\t\t\t\t<\/span>\n\t\t\t<\/span>[\/vc_column][\/vc_row]<\/p>\n<\/div>","protected":false},"excerpt":{"rendered":"<p>[vc_row bg_type=&#8221;image&#8221; parallax_style=&#8221;vcpb-vz-jquery&#8221; bg_image_new=&#8221;id^936|url^https:\/\/jazzparaeventos.com\/wp-content\/uploads\/2020\/03\/cabecera-nosotros-02.jpg|caption^null|alt^null|title^cabecera-nosotros-02|description^null&#8221; bg_override=&#8221;ex-full&#8221; css=&#8221;.vc_custom_1583783296130{padding-top: 10% !important;padding-bottom: 10% !important;}&#8221;][vc_column][\/vc_column][\/vc_row][vc_row][vc_column width=&#8221;2\/3&#8243;][vc_column_text]JAZZ FOR EVENTS is supported by a musical project that was created in July of 2009 as an expression of commitment with MUSIC, JAZZ, and CREATIVITY: JITTERBUG JAZZ GROUP. Since 2010 we have accumulated great experience in performing, entertaining, and collaboration with several types of&hellip;<\/p>\n","protected":false},"author":1,"featured_media":0,"parent":0,"menu_order":0,"comment_status":"closed","ping_status":"open","template":"","meta":{"footnotes":""},"class_list":["post-1000","page","type-page","status-publish","hentry","description-off"],"yoast_head":"<!-- This site is optimized with the Yoast SEO plugin v26.0 - https:\/\/yoast.com\/wordpress\/plugins\/seo\/ -->\n<title>About us | Jazz para Eventos. Live music on the Costa del Sol<\/title>\n<meta name=\"description\" content=\"Jazz for Events is a musical project created in July 2009 with a great experience in entertaining musical events on the Costa del Sol, Malaga\" \/>\n<meta name=\"robots\" content=\"index, follow, max-snippet:-1, max-image-preview:large, max-video-preview:-1\" \/>\n<link rel=\"canonical\" href=\"https:\/\/jazzparaeventos.com\/en\/about-us\/\" \/>\n<meta property=\"og:locale\" content=\"en_US\" \/>\n<meta property=\"og:type\" content=\"article\" \/>\n<meta property=\"og:title\" content=\"About us | Jazz para Eventos. Live music on the Costa del Sol\" \/>\n<meta property=\"og:description\" content=\"Jazz for Events is a musical project created in July 2009 with a great experience in entertaining musical events on the Costa del Sol, Malaga\" \/>\n<meta property=\"og:url\" content=\"https:\/\/jazzparaeventos.com\/en\/about-us\/\" \/>\n<meta property=\"og:site_name\" content=\"Jazz para Eventos\" \/>\n<meta property=\"article:modified_time\" content=\"2025-09-23T14:33:47+00:00\" \/>\n<meta name=\"twitter:card\" content=\"summary_large_image\" \/>\n<meta name=\"twitter:label1\" content=\"Est. reading time\" \/>\n\t<meta name=\"twitter:data1\" content=\"2 minutes\" \/>\n<script type=\"application\/ld+json\" class=\"yoast-schema-graph\">{\"@context\":\"https:\/\/schema.org\",\"@graph\":[{\"@type\":\"WebPage\",\"@id\":\"https:\/\/jazzparaeventos.com\/en\/about-us\/\",\"url\":\"https:\/\/jazzparaeventos.com\/en\/about-us\/\",\"name\":\"About us | Jazz para Eventos. Live music on the Costa del Sol\",\"isPartOf\":{\"@id\":\"https:\/\/jazzparaeventos.com\/en\/#website\"},\"datePublished\":\"2019-12-02T15:35:24+00:00\",\"dateModified\":\"2025-09-23T14:33:47+00:00\",\"description\":\"Jazz for Events is a musical project created in July 2009 with a great experience in entertaining musical events on the Costa del Sol, Malaga\",\"breadcrumb\":{\"@id\":\"https:\/\/jazzparaeventos.com\/en\/about-us\/#breadcrumb\"},\"inLanguage\":\"en-US\",\"potentialAction\":[{\"@type\":\"ReadAction\",\"target\":[\"https:\/\/jazzparaeventos.com\/en\/about-us\/\"]}]},{\"@type\":\"BreadcrumbList\",\"@id\":\"https:\/\/jazzparaeventos.com\/en\/about-us\/#breadcrumb\",\"itemListElement\":[{\"@type\":\"ListItem\",\"position\":1,\"name\":\"Portada\",\"item\":\"https:\/\/jazzparaeventos.com\/en\/\"},{\"@type\":\"ListItem\",\"position\":2,\"name\":\"About us\"}]},{\"@type\":\"WebSite\",\"@id\":\"https:\/\/jazzparaeventos.com\/en\/#website\",\"url\":\"https:\/\/jazzparaeventos.com\/en\/\",\"name\":\"Jazz para Eventos\",\"description\":\"M\u00fasica en vivo\",\"potentialAction\":[{\"@type\":\"SearchAction\",\"target\":{\"@type\":\"EntryPoint\",\"urlTemplate\":\"https:\/\/jazzparaeventos.com\/en\/?s={search_term_string}\"},\"query-input\":{\"@type\":\"PropertyValueSpecification\",\"valueRequired\":true,\"valueName\":\"search_term_string\"}}],\"inLanguage\":\"en-US\"}]}<\/script>\n<!-- \/ Yoast SEO plugin. -->","yoast_head_json":{"title":"About us | Jazz para Eventos. Live music on the Costa del Sol","description":"Jazz for Events is a musical project created in July 2009 with a great experience in entertaining musical events on the Costa del Sol, Malaga","robots":{"index":"index","follow":"follow","max-snippet":"max-snippet:-1","max-image-preview":"max-image-preview:large","max-video-preview":"max-video-preview:-1"},"canonical":"https:\/\/jazzparaeventos.com\/en\/about-us\/","og_locale":"en_US","og_type":"article","og_title":"About us | Jazz para Eventos. Live music on the Costa del Sol","og_description":"Jazz for Events is a musical project created in July 2009 with a great experience in entertaining musical events on the Costa del Sol, Malaga","og_url":"https:\/\/jazzparaeventos.com\/en\/about-us\/","og_site_name":"Jazz para Eventos","article_modified_time":"2025-09-23T14:33:47+00:00","twitter_card":"summary_large_image","twitter_misc":{"Est. reading time":"2 minutes"},"schema":{"@context":"https:\/\/schema.org","@graph":[{"@type":"WebPage","@id":"https:\/\/jazzparaeventos.com\/en\/about-us\/","url":"https:\/\/jazzparaeventos.com\/en\/about-us\/","name":"About us | Jazz para Eventos. Live music on the Costa del Sol","isPartOf":{"@id":"https:\/\/jazzparaeventos.com\/en\/#website"},"datePublished":"2019-12-02T15:35:24+00:00","dateModified":"2025-09-23T14:33:47+00:00","description":"Jazz for Events is a musical project created in July 2009 with a great experience in entertaining musical events on the Costa del Sol, Malaga","breadcrumb":{"@id":"https:\/\/jazzparaeventos.com\/en\/about-us\/#breadcrumb"},"inLanguage":"en-US","potentialAction":[{"@type":"ReadAction","target":["https:\/\/jazzparaeventos.com\/en\/about-us\/"]}]},{"@type":"BreadcrumbList","@id":"https:\/\/jazzparaeventos.com\/en\/about-us\/#breadcrumb","itemListElement":[{"@type":"ListItem","position":1,"name":"Portada","item":"https:\/\/jazzparaeventos.com\/en\/"},{"@type":"ListItem","position":2,"name":"About us"}]},{"@type":"WebSite","@id":"https:\/\/jazzparaeventos.com\/en\/#website","url":"https:\/\/jazzparaeventos.com\/en\/","name":"Jazz para Eventos","description":"M\u00fasica en vivo","potentialAction":[{"@type":"SearchAction","target":{"@type":"EntryPoint","urlTemplate":"https:\/\/jazzparaeventos.com\/en\/?s={search_term_string}"},"query-input":{"@type":"PropertyValueSpecification","valueRequired":true,"valueName":"search_term_string"}}],"inLanguage":"en-US"}]}},"_links":{"self":[{"href":"https:\/\/jazzparaeventos.com\/en\/wp-json\/wp\/v2\/pages\/1000","targetHints":{"allow":["GET"]}}],"collection":[{"href":"https:\/\/jazzparaeventos.com\/en\/wp-json\/wp\/v2\/pages"}],"about":[{"href":"https:\/\/jazzparaeventos.com\/en\/wp-json\/wp\/v2\/types\/page"}],"author":[{"embeddable":true,"href":"https:\/\/jazzparaeventos.com\/en\/wp-json\/wp\/v2\/users\/1"}],"replies":[{"embeddable":true,"href":"https:\/\/jazzparaeventos.com\/en\/wp-json\/wp\/v2\/comments?post=1000"}],"version-history":[{"count":3,"href":"https:\/\/jazzparaeventos.com\/en\/wp-json\/wp\/v2\/pages\/1000\/revisions"}],"predecessor-version":[{"id":1182,"href":"https:\/\/jazzparaeventos.com\/en\/wp-json\/wp\/v2\/pages\/1000\/revisions\/1182"}],"wp:attachment":[{"href":"https:\/\/jazzparaeventos.com\/en\/wp-json\/wp\/v2\/media?parent=1000"}],"curies":[{"name":"wp","href":"https:\/\/api.w.org\/{rel}","templated":true}]}}