{"id":1004,"date":"2020-01-09T12:40:25","date_gmt":"2020-01-09T11:40:25","guid":{"rendered":"https:\/\/jazzparaeventos.com\/los-musicos\/"},"modified":"2020-03-29T11:52:14","modified_gmt":"2020-03-29T09:52:14","slug":"the-musicians","status":"publish","type":"page","link":"https:\/\/jazzparaeventos.com\/en\/the-musicians\/","title":{"rendered":"The Musicians"},"content":{"rendered":"<div class=\"wpb-content-wrapper\"><p>[vc_row bg_type=&#8221;image&#8221; parallax_style=&#8221;vcpb-vz-jquery&#8221; bg_image_new=&#8221;id^938|url^https:\/\/jazzparaeventos.com\/wp-content\/uploads\/2020\/03\/cabecera-los-musicos-02.jpg|caption^null|alt^null|title^cabecera-los-musicos-02|description^null&#8221; bg_override=&#8221;ex-full&#8221; css=&#8221;.vc_custom_1583783663642{padding-top: 10% !important;padding-bottom: 10% !important;}&#8221;][vc_column]<div id=\"ultimate-heading-336869d64cf2d419e\" class=\"uvc-heading ult-adjust-bottom-margin ultimate-heading-336869d64cf2d419e uvc-786 accent-subtitle-color\" data-hspacer=\"no_spacer\"  data-halign=\"center\" style=\"text-align:center\"><div class=\"uvc-heading-spacer no_spacer\" style=\"top\"><\/div><div class=\"uvc-main-heading ult-responsive\"  data-ultimate-target='.uvc-heading.ultimate-heading-336869d64cf2d419e h2'  data-responsive-json-new='{\"font-size\":\"desktop:70px;mobile_landscape:30px;\",\"line-height\":\"desktop:80px;mobile_landscape:40px;\"}' ><h2 style=\"--font-weight:theme;color:#ffffff;\">The Musicians<\/h2><\/div><div class=\"uvc-sub-heading ult-responsive\"  data-ultimate-target='.uvc-heading.ultimate-heading-336869d64cf2d419e .uvc-sub-heading '  data-responsive-json-new='{\"font-size\":\"desktop:40px;mobile_landscape:22px;\",\"line-height\":\"desktop:50px;mobile_landscape:32px;\"}'  style=\"font-weight:normal;margin-top:0px;margin-bottom:25px;\">Get to Know The Members of The Band<\/div><\/div><style type=\"text\/css\" data-type=\"the7_shortcodes-inline-css\">.dt-breadcrumbs-id-5a42d7d9e5f5169c45a517ec5dbaca71 .breadcrumbs {\n  display: inline-block;\n  margin: 0;\n  padding: 2px 10px 2px 10px;\n  border: 0px solid ;\n  border-radius: 5px;\n}\n.dt-breadcrumbs-id-5a42d7d9e5f5169c45a517ec5dbaca71 .breadcrumbs * {\n  font-size: 13px;\n  line-height: 16px;\n  color: #ffffff;\n}\n<\/style><div class=\"dt-breadcrumbs-shortcode dt-breadcrumbs-id-5a42d7d9e5f5169c45a517ec5dbaca71 align-centre\"><div class=\"assistive-text\">You are here:<\/div><ol class=\"breadcrumbs text-small\" itemscope itemtype=\"https:\/\/schema.org\/BreadcrumbList\"><li itemprop=\"itemListElement\" itemscope itemtype=\"https:\/\/schema.org\/ListItem\"><a itemprop=\"item\" href=\"https:\/\/jazzparaeventos.com\/en\/\" title=\"Home\"><span itemprop=\"name\">Home<\/span><\/a><meta itemprop=\"position\" content=\"1\" \/><\/li><li class=\"current\" itemprop=\"itemListElement\" itemscope itemtype=\"https:\/\/schema.org\/ListItem\"><span itemprop=\"name\">Page<\/span><meta itemprop=\"position\" content=\"2\" \/><\/li><\/ol><\/div>[\/vc_column][\/vc_row][vc_row][vc_column][vc_empty_space][\/vc_column][vc_column width=&#8221;1\/2&#8243;][vc_single_image image=&#8221;722&#8243; img_size=&#8221;large&#8221;][\/vc_column][vc_column width=&#8221;1\/2&#8243;][vc_text_separator title=&#8221;RAQUEL PELAYO TORRES&#8221;][vc_column_text]<\/p>\n<p style=\"text-align: justify;\"><strong>Singer<\/strong>, pianist, teacher, musical arranger and composer from M\u00e1laga; one of the young, developed talents in the M\u00e1laga Jazz Scene.<\/p>\n<p style=\"text-align: justify;\">She received a classic education at M\u00e1laga\u2019s Superior Conservatory of Music (specializing in <strong>Piano<\/strong>); she has been attracted to Jazz since a young age, completing her education and studies with courses, classes, seminars\u2026with prestigious national and international professors, and also with the Jazz High Degree courses in <strong>Liceu Conservatory<\/strong>, Barcelona, with a specialization in Vocal Jazz.<\/p>\n<p style=\"text-align: justify;\">Her technique, ability, and performing versatility are brought out in both her singing performances as well as in her display of skill with the piano, accompanying her own voice and improvising with \u201c<strong>scat<\/strong>\u201d voice technique.<\/p>\n<p style=\"text-align: justify;\">Her <strong>REPERTOIRE<\/strong> includes a broad variety of styles\u00a0 (Latin, Classic Jazz standards, Boleros, Pop, Bossa Nova, Blues, Modern Jazz\u2026) and reflects her ability to immerse herself in different kinds of music that carry musical quality as their most important element.<\/p>\n<p style=\"text-align: justify;\">She leads (Raquel Pelayo Quartet) and collaborates with several musical <strong>projects<\/strong> in different formats, from duets, trios, combos\u2026 to Big Bands like \u201cLa Insostenible\u201d M\u00e1laga Big Band or The \u201cNew Sound\u201d Big Band.<\/p>\n<p>[\/vc_column_text][\/vc_column][\/vc_row][vc_row][vc_column][vc_empty_space height=&#8221;50px&#8221;][\/vc_column][vc_column width=&#8221;1\/2&#8243;][vc_text_separator title=&#8221;BLANCA GUTI\u00c9RREZ BARRANCO&#8221;][vc_column_text]<\/p>\n<p style=\"text-align: justify;\"><strong>Double bass player<\/strong> <strong>and<\/strong> <strong>singer<\/strong> born in Ja\u00e9n. At the age of 7 she began her musical career at the \u201cRam\u00f3n Garay\u201d Conservatory in her hometown. At age 16 she would discover the world of Jazz thanks to the \u201cJa\u00e9n Jazzy\u201d Association. There she would become an active Big Band member and would receive master classes from various national professors.<\/p>\n<p style=\"text-align: justify;\">Later she moved to M\u00e1laga to continue her development as a musician and specialized in Jazz and modern music. She has completed training courses in double bass and Jazz with musicians like Reuben Rogers, Gerald Canon, Putter Smith, Javier Colina, and Horacio Fumero, among many others. In M\u00e1laga she began to study Jazz in the \u201cMaestro Puyana\u201d School of Modern Music (CAMM). She has performed with several musicians from M\u00e1laga, among them Carlos Pino, Enrique Oliver, Joaquin Rubio, and Sergio Diaz.<\/p>\n<p style=\"text-align: justify;\">She currently has various projects open in which you can find the Blanca Barranco Quartet, with whom she won the \u201cOlivia Jazz\u201d competition, during which she performs a repertoire arranged by herself where she sings and plays the double bass.<\/p>\n<p>[\/vc_column_text][\/vc_column][vc_column width=&#8221;1\/2&#8243;][vc_single_image image=&#8221;702&#8243; img_size=&#8221;large&#8221;][\/vc_column][\/vc_row][vc_row][vc_column][vc_empty_space height=&#8221;50px&#8221;][\/vc_column][vc_column width=&#8221;1\/2&#8243;][vc_single_image image=&#8221;724&#8243; img_size=&#8221;large&#8221;][\/vc_column][vc_column width=&#8221;1\/2&#8243;][vc_text_separator title=&#8221;FRANCISCO PALOMO MONTEJO&#8221;][vc_column_text]<\/p>\n<p style=\"text-align: center;\"><strong><em>Clarinet \/ Percussion \/ Chromatic Harmonica<\/em><\/strong><\/p>\n<p style=\"text-align: justify;\">Classically trained, he carried out his <strong>clarinet<\/strong> studies at M\u00e1laga\u2019s Superior Conservatory of Music, graduating in this specialty in the year 2000. Interested in Jazz since his childhood (attracted by figures like Benny Goodman, Glenn Miller, Charlie Parker, Louis Armstrong, Eddie Daniels\u2026) he took classes in Jazz\/Modern Harmony, Improvisation, and Combo in Granada (S.C.A.E.M. Conservatory) from 2003 to 2013, with professors like Kiko Aguado and Agust\u00edn S\u00e1nchez. He also receives classes from a Cuban saxophonist based in M\u00e1laga, Rafael \u00c1guila.<\/p>\n<p style=\"text-align: justify;\">In 2009 he <strong>started the Jitterbug Jazz Group <\/strong>project with a piano-clarinet duo, the double bass joined the project in 2010 and consolidated as a stable formation the following years. He has received <strong>drum<\/strong> lessons from musicians like Emilio Salvatierra and Javier Carmona. In 2013 he began to investigate the <strong>chromatic harmonica<\/strong> in a self-taught way, incorporating it into the performances of the project. He has collaborated with other projects and musicians like Celia Mur, Kiko Aguado, and Nicol\u00e1s Medina.<\/p>\n<p>[\/vc_column_text][\/vc_column][\/vc_row]<\/p>\n<\/div>","protected":false},"excerpt":{"rendered":"<p>[vc_row bg_type=&#8221;image&#8221; parallax_style=&#8221;vcpb-vz-jquery&#8221; bg_image_new=&#8221;id^938|url^https:\/\/jazzparaeventos.com\/wp-content\/uploads\/2020\/03\/cabecera-los-musicos-02.jpg|caption^null|alt^null|title^cabecera-los-musicos-02|description^null&#8221; bg_override=&#8221;ex-full&#8221; css=&#8221;.vc_custom_1583783663642{padding-top: 10% !important;padding-bottom: 10% !important;}&#8221;][vc_column][\/vc_column][\/vc_row][vc_row][vc_column][vc_empty_space][\/vc_column][vc_column width=&#8221;1\/2&#8243;][vc_single_image image=&#8221;722&#8243; img_size=&#8221;large&#8221;][\/vc_column][vc_column width=&#8221;1\/2&#8243;][vc_text_separator title=&#8221;RAQUEL PELAYO TORRES&#8221;][vc_column_text] Singer, pianist, teacher, musical arranger and composer from M\u00e1laga; one of the young, developed talents in the M\u00e1laga Jazz Scene. She received a classic education at M\u00e1laga\u2019s Superior Conservatory of Music (specializing in Piano); she has been attracted&hellip;<\/p>\n","protected":false},"author":1,"featured_media":0,"parent":0,"menu_order":0,"comment_status":"closed","ping_status":"open","template":"","meta":{"footnotes":""},"class_list":["post-1004","page","type-page","status-publish","hentry","description-off"],"yoast_head":"<!-- This site is optimized with the Yoast SEO plugin v26.0 - https:\/\/yoast.com\/wordpress\/plugins\/seo\/ -->\n<title>The Musicians | Jazz para Eventos. Live music on the Costa del Sol<\/title>\n<meta name=\"description\" content=\"Jazz for Events, our band has a singer, pianist, double bass player, drums, chromatic harmonica and clarinet for our performances.\" \/>\n<meta name=\"robots\" content=\"index, follow, max-snippet:-1, max-image-preview:large, max-video-preview:-1\" \/>\n<link rel=\"canonical\" href=\"https:\/\/jazzparaeventos.com\/en\/the-musicians\/\" \/>\n<meta property=\"og:locale\" content=\"en_US\" \/>\n<meta property=\"og:type\" content=\"article\" \/>\n<meta property=\"og:title\" content=\"The Musicians | Jazz para Eventos. Live music on the Costa del Sol\" \/>\n<meta property=\"og:description\" content=\"Jazz for Events, our band has a singer, pianist, double bass player, drums, chromatic harmonica and clarinet for our performances.\" \/>\n<meta property=\"og:url\" content=\"https:\/\/jazzparaeventos.com\/en\/the-musicians\/\" \/>\n<meta property=\"og:site_name\" content=\"Jazz para Eventos\" \/>\n<meta property=\"article:modified_time\" content=\"2020-03-29T09:52:14+00:00\" \/>\n<meta name=\"twitter:card\" content=\"summary_large_image\" \/>\n<meta name=\"twitter:label1\" content=\"Est. reading time\" \/>\n\t<meta name=\"twitter:data1\" content=\"4 minutes\" \/>\n<script type=\"application\/ld+json\" class=\"yoast-schema-graph\">{\"@context\":\"https:\/\/schema.org\",\"@graph\":[{\"@type\":\"WebPage\",\"@id\":\"https:\/\/jazzparaeventos.com\/en\/the-musicians\/\",\"url\":\"https:\/\/jazzparaeventos.com\/en\/the-musicians\/\",\"name\":\"The Musicians | Jazz para Eventos. Live music on the Costa del Sol\",\"isPartOf\":{\"@id\":\"https:\/\/jazzparaeventos.com\/en\/#website\"},\"datePublished\":\"2020-01-09T11:40:25+00:00\",\"dateModified\":\"2020-03-29T09:52:14+00:00\",\"description\":\"Jazz for Events, our band has a singer, pianist, double bass player, drums, chromatic harmonica and clarinet for our performances.\",\"breadcrumb\":{\"@id\":\"https:\/\/jazzparaeventos.com\/en\/the-musicians\/#breadcrumb\"},\"inLanguage\":\"en-US\",\"potentialAction\":[{\"@type\":\"ReadAction\",\"target\":[\"https:\/\/jazzparaeventos.com\/en\/the-musicians\/\"]}]},{\"@type\":\"BreadcrumbList\",\"@id\":\"https:\/\/jazzparaeventos.com\/en\/the-musicians\/#breadcrumb\",\"itemListElement\":[{\"@type\":\"ListItem\",\"position\":1,\"name\":\"Portada\",\"item\":\"https:\/\/jazzparaeventos.com\/en\/\"},{\"@type\":\"ListItem\",\"position\":2,\"name\":\"The Musicians\"}]},{\"@type\":\"WebSite\",\"@id\":\"https:\/\/jazzparaeventos.com\/en\/#website\",\"url\":\"https:\/\/jazzparaeventos.com\/en\/\",\"name\":\"Jazz para Eventos\",\"description\":\"M\u00fasica en vivo\",\"potentialAction\":[{\"@type\":\"SearchAction\",\"target\":{\"@type\":\"EntryPoint\",\"urlTemplate\":\"https:\/\/jazzparaeventos.com\/en\/?s={search_term_string}\"},\"query-input\":{\"@type\":\"PropertyValueSpecification\",\"valueRequired\":true,\"valueName\":\"search_term_string\"}}],\"inLanguage\":\"en-US\"}]}<\/script>\n<!-- \/ Yoast SEO plugin. -->","yoast_head_json":{"title":"The Musicians | Jazz para Eventos. Live music on the Costa del Sol","description":"Jazz for Events, our band has a singer, pianist, double bass player, drums, chromatic harmonica and clarinet for our performances.","robots":{"index":"index","follow":"follow","max-snippet":"max-snippet:-1","max-image-preview":"max-image-preview:large","max-video-preview":"max-video-preview:-1"},"canonical":"https:\/\/jazzparaeventos.com\/en\/the-musicians\/","og_locale":"en_US","og_type":"article","og_title":"The Musicians | Jazz para Eventos. Live music on the Costa del Sol","og_description":"Jazz for Events, our band has a singer, pianist, double bass player, drums, chromatic harmonica and clarinet for our performances.","og_url":"https:\/\/jazzparaeventos.com\/en\/the-musicians\/","og_site_name":"Jazz para Eventos","article_modified_time":"2020-03-29T09:52:14+00:00","twitter_card":"summary_large_image","twitter_misc":{"Est. reading time":"4 minutes"},"schema":{"@context":"https:\/\/schema.org","@graph":[{"@type":"WebPage","@id":"https:\/\/jazzparaeventos.com\/en\/the-musicians\/","url":"https:\/\/jazzparaeventos.com\/en\/the-musicians\/","name":"The Musicians | Jazz para Eventos. Live music on the Costa del Sol","isPartOf":{"@id":"https:\/\/jazzparaeventos.com\/en\/#website"},"datePublished":"2020-01-09T11:40:25+00:00","dateModified":"2020-03-29T09:52:14+00:00","description":"Jazz for Events, our band has a singer, pianist, double bass player, drums, chromatic harmonica and clarinet for our performances.","breadcrumb":{"@id":"https:\/\/jazzparaeventos.com\/en\/the-musicians\/#breadcrumb"},"inLanguage":"en-US","potentialAction":[{"@type":"ReadAction","target":["https:\/\/jazzparaeventos.com\/en\/the-musicians\/"]}]},{"@type":"BreadcrumbList","@id":"https:\/\/jazzparaeventos.com\/en\/the-musicians\/#breadcrumb","itemListElement":[{"@type":"ListItem","position":1,"name":"Portada","item":"https:\/\/jazzparaeventos.com\/en\/"},{"@type":"ListItem","position":2,"name":"The Musicians"}]},{"@type":"WebSite","@id":"https:\/\/jazzparaeventos.com\/en\/#website","url":"https:\/\/jazzparaeventos.com\/en\/","name":"Jazz para Eventos","description":"M\u00fasica en vivo","potentialAction":[{"@type":"SearchAction","target":{"@type":"EntryPoint","urlTemplate":"https:\/\/jazzparaeventos.com\/en\/?s={search_term_string}"},"query-input":{"@type":"PropertyValueSpecification","valueRequired":true,"valueName":"search_term_string"}}],"inLanguage":"en-US"}]}},"_links":{"self":[{"href":"https:\/\/jazzparaeventos.com\/en\/wp-json\/wp\/v2\/pages\/1004","targetHints":{"allow":["GET"]}}],"collection":[{"href":"https:\/\/jazzparaeventos.com\/en\/wp-json\/wp\/v2\/pages"}],"about":[{"href":"https:\/\/jazzparaeventos.com\/en\/wp-json\/wp\/v2\/types\/page"}],"author":[{"embeddable":true,"href":"https:\/\/jazzparaeventos.com\/en\/wp-json\/wp\/v2\/users\/1"}],"replies":[{"embeddable":true,"href":"https:\/\/jazzparaeventos.com\/en\/wp-json\/wp\/v2\/comments?post=1004"}],"version-history":[{"count":3,"href":"https:\/\/jazzparaeventos.com\/en\/wp-json\/wp\/v2\/pages\/1004\/revisions"}],"predecessor-version":[{"id":1006,"href":"https:\/\/jazzparaeventos.com\/en\/wp-json\/wp\/v2\/pages\/1004\/revisions\/1006"}],"wp:attachment":[{"href":"https:\/\/jazzparaeventos.com\/en\/wp-json\/wp\/v2\/media?parent=1004"}],"curies":[{"name":"wp","href":"https:\/\/api.w.org\/{rel}","templated":true}]}}