{"id":1009,"date":"2020-01-27T17:28:27","date_gmt":"2020-01-27T16:28:27","guid":{"rendered":"https:\/\/jazzparaeventos.com\/servicios\/"},"modified":"2020-03-30T08:56:05","modified_gmt":"2020-03-30T06:56:05","slug":"services","status":"publish","type":"page","link":"https:\/\/jazzparaeventos.com\/en\/services\/","title":{"rendered":"Services"},"content":{"rendered":"<div class=\"wpb-content-wrapper\"><p>[vc_row bg_type=&#8221;image&#8221; parallax_style=&#8221;vcpb-vz-jquery&#8221; bg_image_new=&#8221;id^940|url^https:\/\/jazzparaeventos.com\/wp-content\/uploads\/2020\/03\/cabecera-servicios.jpg|caption^null|alt^null|title^cabecera-servicios|description^null&#8221; bg_override=&#8221;ex-full&#8221; css=&#8221;.vc_custom_1583783860243{padding-top: 10% !important;padding-bottom: 10% !important;}&#8221;][vc_column]<div id=\"ultimate-heading-245669d62f7981014\" class=\"uvc-heading ult-adjust-bottom-margin ultimate-heading-245669d62f7981014 uvc-5096 accent-subtitle-color\" data-hspacer=\"no_spacer\"  data-halign=\"center\" style=\"text-align:center\"><div class=\"uvc-heading-spacer no_spacer\" style=\"top\"><\/div><div class=\"uvc-main-heading ult-responsive\"  data-ultimate-target='.uvc-heading.ultimate-heading-245669d62f7981014 h2'  data-responsive-json-new='{\"font-size\":\"desktop:70px;mobile_landscape:30px;\",\"line-height\":\"desktop:80px;mobile_landscape:40px;\"}' ><h2 style=\"--font-weight:theme;color:#ffffff;\">Services<\/h2><\/div><div class=\"uvc-sub-heading ult-responsive\"  data-ultimate-target='.uvc-heading.ultimate-heading-245669d62f7981014 .uvc-sub-heading '  data-responsive-json-new='{\"font-size\":\"desktop:40px;mobile_landscape:22px;\",\"line-height\":\"desktop:50px;mobile_landscape:32px;\"}'  style=\"font-weight:normal;margin-top:0px;margin-bottom:25px;\">We offer a professional, quality, personalized service<\/div><\/div><style type=\"text\/css\" data-type=\"the7_shortcodes-inline-css\">.dt-breadcrumbs-id-5a42d7d9e5f5169c45a517ec5dbaca71 .breadcrumbs {\n  display: inline-block;\n  margin: 0;\n  padding: 2px 10px 2px 10px;\n  border: 0px solid ;\n  border-radius: 5px;\n}\n.dt-breadcrumbs-id-5a42d7d9e5f5169c45a517ec5dbaca71 .breadcrumbs * {\n  font-size: 13px;\n  line-height: 16px;\n  color: #ffffff;\n}\n<\/style><div class=\"dt-breadcrumbs-shortcode dt-breadcrumbs-id-5a42d7d9e5f5169c45a517ec5dbaca71 align-centre\"><div class=\"assistive-text\">You are here:<\/div><ol class=\"breadcrumbs text-small\" itemscope itemtype=\"https:\/\/schema.org\/BreadcrumbList\"><li itemprop=\"itemListElement\" itemscope itemtype=\"https:\/\/schema.org\/ListItem\"><a itemprop=\"item\" href=\"https:\/\/jazzparaeventos.com\/en\/\" title=\"Home\"><span itemprop=\"name\">Home<\/span><\/a><meta itemprop=\"position\" content=\"1\" \/><\/li><li class=\"current\" itemprop=\"itemListElement\" itemscope itemtype=\"https:\/\/schema.org\/ListItem\"><span itemprop=\"name\">Page<\/span><meta itemprop=\"position\" content=\"2\" \/><\/li><\/ol><\/div>[\/vc_column][\/vc_row][vc_row][vc_column][vc_empty_space][\/vc_column][vc_column width=&#8221;1\/2&#8243;][vc_column_text]<\/p>\n<p style=\"text-align: justify;\">In <strong>JAZZ PARA EVENTOS<\/strong> we offer a quality, professional, personalised service, adapted to each client\/event\/establishment\u2019s needs.<\/p>\n<p style=\"text-align: justify;\"><strong>Live Jazz Music<\/strong> is an element that brings a touch of elegance and style to different environments and activities. From <strong>private parties, receptions, inaugurations \/ closing ceremonies, celebrations, exhibitions, anniversaries, tributes, and charity events, to performances, collaborations, and concerts.<\/strong><\/p>\n<p style=\"text-align: justify;\">(<a href=\"http:\/\/www.jitterbug-jazz-group.blogspot.com\">www.jitterbug-jazz-group.blogspot.com<\/a>)<\/p>\n<p style=\"text-align: justify;\">In both <strong>the format (duo, trio, quartet), as well as the repertoire<\/strong> and performance duration, we adapt to the client\u2019s demands, trying to offer the best service while contributing to the client\u2019s satisfaction with quality live music performed by professional musicians.<\/p>\n<p>[\/vc_column_text][\/vc_column][vc_column width=&#8221;1\/2&#8243;][vc_single_image image=&#8221;942&#8243; img_size=&#8221;large&#8221;][\/vc_column][\/vc_row][vc_row][vc_column][vc_empty_space height=&#8221;50px&#8221;][\/vc_column][vc_column width=&#8221;1\/2&#8243;][vc_single_image image=&#8221;944&#8243; img_size=&#8221;large&#8221;][\/vc_column][vc_column width=&#8221;1\/2&#8243;][vc_column_text]<\/p>\n<p style=\"text-align: justify;\">Our reliability and quality comes from our knowledge, respect and commitment to MUSIC, JAZZ, and the CREATORS of this style, as a self-expressing way for creativity and enjoyment, which is fundamental to us.<\/p>\n<p style=\"text-align: justify;\">The variety of <strong>INSTRUMENTS<\/strong> (VOICE, PIANO, CLARINET, ELECTRIC BASS, DOUBLE BASS, PERCUSSION, DRUM SET, CHROMATIC HARMONICA) allow us to offer an original, distinct, enjoyable, fun proposal for the public, with both classic songs and our own Jazz music.<\/p>\n<p style=\"text-align: justify;\">We have a varied and enjoyable (voice\/instrumental) <strong>REPERTOIRE<\/strong> for the public that includes styles like Classic Jazz\/Standards, Bossa Nova, Latin, Classic Film Songs, Boleros, Blues, Modern Jazz\u2026. and also our own musical arrangements and compositions.<\/p>\n<p>[\/vc_column_text][\/vc_column][\/vc_row][vc_row][vc_column][vc_empty_space height=&#8221;50px&#8221;][\/vc_column][vc_column width=&#8221;1\/2&#8243;][vc_column_text]<\/p>\n<p style=\"text-align: justify;\">\u00a0\u00a0\u00a0\u00a0\u00a0Our minimum rate is 375\u20ac for 2 hours for a <strong>Trio with Voice<\/strong>, and 500 \u20ac for 2 hours for a <strong>Quartet with Voice<\/strong>. We have instruments and musical infrastructure for both indoor and outdoor events.<\/p>\n<p style=\"text-align: justify;\">Depending on matters such as the commute to the performing site, sound infrastructure, available instruments, duration of the service, maintenance\/accommodation, the date of the client hiring&#8230; it is possible to make an agreement about the price that could be acceptable for both parts. <strong>Our usual working areas are M\u00e1laga, Costa del Sol, Granada, C\u00f3rdoba, Sevilla, C\u00e1diz\u2026<\/strong> although we also could offer our musical services in other cities, according to the conditions described in the following sections.<\/p>\n<p>[\/vc_column_text][\/vc_column][vc_column width=&#8221;1\/2&#8243;][vc_single_image image=&#8221;943&#8243; img_size=&#8221;large&#8221;][\/vc_column][\/vc_row]<\/p>\n<\/div>","protected":false},"excerpt":{"rendered":"<p>[vc_row bg_type=&#8221;image&#8221; parallax_style=&#8221;vcpb-vz-jquery&#8221; bg_image_new=&#8221;id^940|url^https:\/\/jazzparaeventos.com\/wp-content\/uploads\/2020\/03\/cabecera-servicios.jpg|caption^null|alt^null|title^cabecera-servicios|description^null&#8221; bg_override=&#8221;ex-full&#8221; css=&#8221;.vc_custom_1583783860243{padding-top: 10% !important;padding-bottom: 10% !important;}&#8221;][vc_column][\/vc_column][\/vc_row][vc_row][vc_column][vc_empty_space][\/vc_column][vc_column width=&#8221;1\/2&#8243;][vc_column_text] In JAZZ PARA EVENTOS we offer a quality, professional, personalised service, adapted to each client\/event\/establishment\u2019s needs. Live Jazz Music is an element that brings a touch of elegance and style to different environments and activities. From private parties, receptions, inaugurations \/ closing ceremonies, celebrations,&hellip;<\/p>\n","protected":false},"author":1,"featured_media":0,"parent":0,"menu_order":0,"comment_status":"closed","ping_status":"open","template":"","meta":{"footnotes":""},"class_list":["post-1009","page","type-page","status-publish","hentry","description-off"],"yoast_head":"<!-- This site is optimized with the Yoast SEO plugin v26.0 - https:\/\/yoast.com\/wordpress\/plugins\/seo\/ -->\n<title>Services | Jazz para Eventos. Live music on the Costa del Sol<\/title>\n<meta name=\"description\" content=\"Jazz for Events offers a quality and personalized service to your needs for private parties, receptions, presentations, etc. on the Costa del Sol.\" \/>\n<meta name=\"robots\" content=\"index, follow, max-snippet:-1, max-image-preview:large, max-video-preview:-1\" \/>\n<link rel=\"canonical\" href=\"https:\/\/jazzparaeventos.com\/en\/services\/\" \/>\n<meta property=\"og:locale\" content=\"en_US\" \/>\n<meta property=\"og:type\" content=\"article\" \/>\n<meta property=\"og:title\" content=\"Services | Jazz para Eventos. Live music on the Costa del Sol\" \/>\n<meta property=\"og:description\" content=\"Jazz for Events offers a quality and personalized service to your needs for private parties, receptions, presentations, etc. on the Costa del Sol.\" \/>\n<meta property=\"og:url\" content=\"https:\/\/jazzparaeventos.com\/en\/services\/\" \/>\n<meta property=\"og:site_name\" content=\"Jazz para Eventos\" \/>\n<meta property=\"article:modified_time\" content=\"2020-03-30T06:56:05+00:00\" \/>\n<meta name=\"twitter:card\" content=\"summary_large_image\" \/>\n<meta name=\"twitter:label1\" content=\"Est. reading time\" \/>\n\t<meta name=\"twitter:data1\" content=\"3 minutes\" \/>\n<script type=\"application\/ld+json\" class=\"yoast-schema-graph\">{\"@context\":\"https:\/\/schema.org\",\"@graph\":[{\"@type\":\"WebPage\",\"@id\":\"https:\/\/jazzparaeventos.com\/en\/services\/\",\"url\":\"https:\/\/jazzparaeventos.com\/en\/services\/\",\"name\":\"Services | Jazz para Eventos. Live music on the Costa del Sol\",\"isPartOf\":{\"@id\":\"https:\/\/jazzparaeventos.com\/en\/#website\"},\"datePublished\":\"2020-01-27T16:28:27+00:00\",\"dateModified\":\"2020-03-30T06:56:05+00:00\",\"description\":\"Jazz for Events offers a quality and personalized service to your needs for private parties, receptions, presentations, etc. on the Costa del Sol.\",\"breadcrumb\":{\"@id\":\"https:\/\/jazzparaeventos.com\/en\/services\/#breadcrumb\"},\"inLanguage\":\"en-US\",\"potentialAction\":[{\"@type\":\"ReadAction\",\"target\":[\"https:\/\/jazzparaeventos.com\/en\/services\/\"]}]},{\"@type\":\"BreadcrumbList\",\"@id\":\"https:\/\/jazzparaeventos.com\/en\/services\/#breadcrumb\",\"itemListElement\":[{\"@type\":\"ListItem\",\"position\":1,\"name\":\"Portada\",\"item\":\"https:\/\/jazzparaeventos.com\/en\/\"},{\"@type\":\"ListItem\",\"position\":2,\"name\":\"Services\"}]},{\"@type\":\"WebSite\",\"@id\":\"https:\/\/jazzparaeventos.com\/en\/#website\",\"url\":\"https:\/\/jazzparaeventos.com\/en\/\",\"name\":\"Jazz para Eventos\",\"description\":\"M\u00fasica en vivo\",\"potentialAction\":[{\"@type\":\"SearchAction\",\"target\":{\"@type\":\"EntryPoint\",\"urlTemplate\":\"https:\/\/jazzparaeventos.com\/en\/?s={search_term_string}\"},\"query-input\":{\"@type\":\"PropertyValueSpecification\",\"valueRequired\":true,\"valueName\":\"search_term_string\"}}],\"inLanguage\":\"en-US\"}]}<\/script>\n<!-- \/ Yoast SEO plugin. -->","yoast_head_json":{"title":"Services | Jazz para Eventos. Live music on the Costa del Sol","description":"Jazz for Events offers a quality and personalized service to your needs for private parties, receptions, presentations, etc. on the Costa del Sol.","robots":{"index":"index","follow":"follow","max-snippet":"max-snippet:-1","max-image-preview":"max-image-preview:large","max-video-preview":"max-video-preview:-1"},"canonical":"https:\/\/jazzparaeventos.com\/en\/services\/","og_locale":"en_US","og_type":"article","og_title":"Services | Jazz para Eventos. Live music on the Costa del Sol","og_description":"Jazz for Events offers a quality and personalized service to your needs for private parties, receptions, presentations, etc. on the Costa del Sol.","og_url":"https:\/\/jazzparaeventos.com\/en\/services\/","og_site_name":"Jazz para Eventos","article_modified_time":"2020-03-30T06:56:05+00:00","twitter_card":"summary_large_image","twitter_misc":{"Est. reading time":"3 minutes"},"schema":{"@context":"https:\/\/schema.org","@graph":[{"@type":"WebPage","@id":"https:\/\/jazzparaeventos.com\/en\/services\/","url":"https:\/\/jazzparaeventos.com\/en\/services\/","name":"Services | Jazz para Eventos. Live music on the Costa del Sol","isPartOf":{"@id":"https:\/\/jazzparaeventos.com\/en\/#website"},"datePublished":"2020-01-27T16:28:27+00:00","dateModified":"2020-03-30T06:56:05+00:00","description":"Jazz for Events offers a quality and personalized service to your needs for private parties, receptions, presentations, etc. on the Costa del Sol.","breadcrumb":{"@id":"https:\/\/jazzparaeventos.com\/en\/services\/#breadcrumb"},"inLanguage":"en-US","potentialAction":[{"@type":"ReadAction","target":["https:\/\/jazzparaeventos.com\/en\/services\/"]}]},{"@type":"BreadcrumbList","@id":"https:\/\/jazzparaeventos.com\/en\/services\/#breadcrumb","itemListElement":[{"@type":"ListItem","position":1,"name":"Portada","item":"https:\/\/jazzparaeventos.com\/en\/"},{"@type":"ListItem","position":2,"name":"Services"}]},{"@type":"WebSite","@id":"https:\/\/jazzparaeventos.com\/en\/#website","url":"https:\/\/jazzparaeventos.com\/en\/","name":"Jazz para Eventos","description":"M\u00fasica en vivo","potentialAction":[{"@type":"SearchAction","target":{"@type":"EntryPoint","urlTemplate":"https:\/\/jazzparaeventos.com\/en\/?s={search_term_string}"},"query-input":{"@type":"PropertyValueSpecification","valueRequired":true,"valueName":"search_term_string"}}],"inLanguage":"en-US"}]}},"_links":{"self":[{"href":"https:\/\/jazzparaeventos.com\/en\/wp-json\/wp\/v2\/pages\/1009","targetHints":{"allow":["GET"]}}],"collection":[{"href":"https:\/\/jazzparaeventos.com\/en\/wp-json\/wp\/v2\/pages"}],"about":[{"href":"https:\/\/jazzparaeventos.com\/en\/wp-json\/wp\/v2\/types\/page"}],"author":[{"embeddable":true,"href":"https:\/\/jazzparaeventos.com\/en\/wp-json\/wp\/v2\/users\/1"}],"replies":[{"embeddable":true,"href":"https:\/\/jazzparaeventos.com\/en\/wp-json\/wp\/v2\/comments?post=1009"}],"version-history":[{"count":5,"href":"https:\/\/jazzparaeventos.com\/en\/wp-json\/wp\/v2\/pages\/1009\/revisions"}],"predecessor-version":[{"id":1107,"href":"https:\/\/jazzparaeventos.com\/en\/wp-json\/wp\/v2\/pages\/1009\/revisions\/1107"}],"wp:attachment":[{"href":"https:\/\/jazzparaeventos.com\/en\/wp-json\/wp\/v2\/media?parent=1009"}],"curies":[{"name":"wp","href":"https:\/\/api.w.org\/{rel}","templated":true}]}}