{"id":1045,"date":"2019-12-09T19:49:53","date_gmt":"2019-12-09T18:49:53","guid":{"rendered":"https:\/\/jazzparaeventos.com\/aviso-legal\/"},"modified":"2020-03-29T13:08:33","modified_gmt":"2020-03-29T11:08:33","slug":"legal-notice","status":"publish","type":"page","link":"https:\/\/jazzparaeventos.com\/en\/legal-notice\/","title":{"rendered":"Legal Notice"},"content":{"rendered":"<div class=\"wpb-content-wrapper\"><p>[vc_row][vc_column][vc_column_text]<\/p>\r\n<p>JAZZ PARA EVENTOS, provisto con NIF\/CIF G-93276491, direcci\u00f3n Calle Goya, 2, no puede asumir ninguna responsabilidad derivada del uso incorrecto, inapropiado o il\u00edcito de la informaci\u00f3n aparecida en la p\u00e1gina de Internet de jazzparaeventos.com.<\/p>\r\n<p>Con los l\u00edmites establecidos en la ley, JAZZ PARA EVENTOS no asume ninguna responsabilidad derivada de la falta de veracidad, integridad, actualizaci\u00f3n y precisi\u00f3n de los datos o informaciones que se contienen en sus p\u00e1ginas de Internet.<\/p>\r\n<p>Los contenidos e informaci\u00f3n no vinculan a JAZZ PARA EVENTOS ni constituyen opiniones, consejos o asesoramiento legal de ning\u00fan tipo pues se trata meramente de un servicio ofrecido con car\u00e1cter informativo y divulgativo.<\/p>\r\n<p>La p\u00e1gina de Internet de jazzparaeventos.com puede contener enlaces (links) a otras p\u00e1ginas de terceras partes que JAZZ PARA EVENTOS no puede controlar. Por lo tanto, JAZZ PARA EVENTOS no puede asumir responsabilidades por el contenido que pueda aparecer en p\u00e1ginas de terceros.<\/p>\r\n<p>Los textos, im\u00e1genes, sonidos, animaciones, software y el resto de contenidos incluidos en este website son propiedad exclusiva de JAZZ PARA EVENTOS o sus licenciantes. Cualquier acto de transmisi\u00f3n, distribuci\u00f3n, cesi\u00f3n, reproducci\u00f3n, almacenamiento o comunicaci\u00f3n p\u00fablica total o parcial, debe contar con el consentimiento expreso de JAZZ PARA EVENTOS.<\/p>\r\n<p>Se ha incluidos algunas im\u00e1genes en la web de jazzparaeventos.com de Juleez (https:\/\/www.juleez.com\/),\u00a0 previo consentimiento y pago de las mismas para hacer uso de ellas.<\/p>\r\n<p>Asimismo, para acceder a algunos de los servicios que JAZZ PARA EVENTOS ofrece a trav\u00e9s del website deber\u00e1 proporcionar algunos datos de car\u00e1cter personal. En cumplimiento de lo establecido en el Reglamento (UE) 2016\/679 del Parlamento Europeo y del Consejo, de 27 de abril de 2016, relativo a la protecci\u00f3n de las personas f\u00edsicas en lo que respecta al tratamiento de datos personales y a la libre \u00a0circulaci\u00f3n de estos datos le informamos que, mediante la cumplimentaci\u00f3n de los presentes formularios, sus datos personales quedar\u00e1n incorporados y ser\u00e1n tratados en los ficheros de JAZZ PARA EVENTOS con el fin de poderle prestar y ofrecer nuestros servicios as\u00ed como para informarle de las mejoras del sitio Web. Asimismo, le informamos de la posibilidad de que ejerza los derechos de acceso, rectificaci\u00f3n, cancelaci\u00f3n y oposici\u00f3n de sus datos de car\u00e1cter personal, manera gratuita mediante email a info@jazzparaeventos.com o en la direcci\u00f3n calle Calle Goya, 2.<\/p>\r\n<p>[\/vc_column_text][\/vc_column][\/vc_row]<\/p><\/div>","protected":false},"excerpt":{"rendered":"<p>[vc_row][vc_column][vc_column_text] JAZZ PARA EVENTOS, provisto con NIF\/CIF G-93276491, direcci\u00f3n Calle Goya, 2, no puede asumir ninguna responsabilidad derivada del uso incorrecto, inapropiado o il\u00edcito de la informaci\u00f3n aparecida en la p\u00e1gina de Internet de jazzparaeventos.com. Con los l\u00edmites establecidos en la ley, JAZZ PARA EVENTOS no asume ninguna responsabilidad derivada de la falta de veracidad,&hellip;<\/p>\n","protected":false},"author":1,"featured_media":0,"parent":0,"menu_order":0,"comment_status":"closed","ping_status":"open","template":"","meta":{"footnotes":""},"class_list":["post-1045","page","type-page","status-publish","hentry","description-off"],"yoast_head":"<!-- This site is optimized with the Yoast SEO plugin v26.0 - https:\/\/yoast.com\/wordpress\/plugins\/seo\/ -->\n<title>Legal Notice | Jazz para Eventos<\/title>\n<meta name=\"description\" content=\"Aviso legal de Jazz para Eventos.\" \/>\n<meta name=\"robots\" content=\"noindex, follow\" \/>\n<meta property=\"og:locale\" content=\"en_US\" \/>\n<meta property=\"og:type\" content=\"article\" \/>\n<meta property=\"og:title\" content=\"Legal Notice | Jazz para Eventos\" \/>\n<meta property=\"og:description\" content=\"Aviso legal de Jazz para Eventos.\" \/>\n<meta property=\"og:url\" content=\"https:\/\/jazzparaeventos.com\/en\/legal-notice\/\" \/>\n<meta property=\"og:site_name\" content=\"Jazz para Eventos\" \/>\n<meta property=\"article:modified_time\" content=\"2020-03-29T11:08:33+00:00\" \/>\n<meta name=\"twitter:card\" content=\"summary_large_image\" \/>\n<meta name=\"twitter:label1\" content=\"Est. reading time\" \/>\n\t<meta name=\"twitter:data1\" content=\"2 minutes\" \/>\n<script type=\"application\/ld+json\" class=\"yoast-schema-graph\">{\"@context\":\"https:\/\/schema.org\",\"@graph\":[{\"@type\":\"WebPage\",\"@id\":\"https:\/\/jazzparaeventos.com\/en\/legal-notice\/\",\"url\":\"https:\/\/jazzparaeventos.com\/en\/legal-notice\/\",\"name\":\"Legal Notice | Jazz para Eventos\",\"isPartOf\":{\"@id\":\"https:\/\/jazzparaeventos.com\/en\/#website\"},\"datePublished\":\"2019-12-09T18:49:53+00:00\",\"dateModified\":\"2020-03-29T11:08:33+00:00\",\"description\":\"Aviso legal de Jazz para Eventos.\",\"breadcrumb\":{\"@id\":\"https:\/\/jazzparaeventos.com\/en\/legal-notice\/#breadcrumb\"},\"inLanguage\":\"en-US\",\"potentialAction\":[{\"@type\":\"ReadAction\",\"target\":[\"https:\/\/jazzparaeventos.com\/en\/legal-notice\/\"]}]},{\"@type\":\"BreadcrumbList\",\"@id\":\"https:\/\/jazzparaeventos.com\/en\/legal-notice\/#breadcrumb\",\"itemListElement\":[{\"@type\":\"ListItem\",\"position\":1,\"name\":\"Portada\",\"item\":\"https:\/\/jazzparaeventos.com\/en\/\"},{\"@type\":\"ListItem\",\"position\":2,\"name\":\"Legal Notice\"}]},{\"@type\":\"WebSite\",\"@id\":\"https:\/\/jazzparaeventos.com\/en\/#website\",\"url\":\"https:\/\/jazzparaeventos.com\/en\/\",\"name\":\"Jazz para Eventos\",\"description\":\"M\u00fasica en vivo\",\"potentialAction\":[{\"@type\":\"SearchAction\",\"target\":{\"@type\":\"EntryPoint\",\"urlTemplate\":\"https:\/\/jazzparaeventos.com\/en\/?s={search_term_string}\"},\"query-input\":{\"@type\":\"PropertyValueSpecification\",\"valueRequired\":true,\"valueName\":\"search_term_string\"}}],\"inLanguage\":\"en-US\"}]}<\/script>\n<!-- \/ Yoast SEO plugin. -->","yoast_head_json":{"title":"Legal Notice | Jazz para Eventos","description":"Aviso legal de Jazz para Eventos.","robots":{"index":"noindex","follow":"follow"},"og_locale":"en_US","og_type":"article","og_title":"Legal Notice | Jazz para Eventos","og_description":"Aviso legal de Jazz para Eventos.","og_url":"https:\/\/jazzparaeventos.com\/en\/legal-notice\/","og_site_name":"Jazz para Eventos","article_modified_time":"2020-03-29T11:08:33+00:00","twitter_card":"summary_large_image","twitter_misc":{"Est. reading time":"2 minutes"},"schema":{"@context":"https:\/\/schema.org","@graph":[{"@type":"WebPage","@id":"https:\/\/jazzparaeventos.com\/en\/legal-notice\/","url":"https:\/\/jazzparaeventos.com\/en\/legal-notice\/","name":"Legal Notice | Jazz para Eventos","isPartOf":{"@id":"https:\/\/jazzparaeventos.com\/en\/#website"},"datePublished":"2019-12-09T18:49:53+00:00","dateModified":"2020-03-29T11:08:33+00:00","description":"Aviso legal de Jazz para Eventos.","breadcrumb":{"@id":"https:\/\/jazzparaeventos.com\/en\/legal-notice\/#breadcrumb"},"inLanguage":"en-US","potentialAction":[{"@type":"ReadAction","target":["https:\/\/jazzparaeventos.com\/en\/legal-notice\/"]}]},{"@type":"BreadcrumbList","@id":"https:\/\/jazzparaeventos.com\/en\/legal-notice\/#breadcrumb","itemListElement":[{"@type":"ListItem","position":1,"name":"Portada","item":"https:\/\/jazzparaeventos.com\/en\/"},{"@type":"ListItem","position":2,"name":"Legal Notice"}]},{"@type":"WebSite","@id":"https:\/\/jazzparaeventos.com\/en\/#website","url":"https:\/\/jazzparaeventos.com\/en\/","name":"Jazz para Eventos","description":"M\u00fasica en vivo","potentialAction":[{"@type":"SearchAction","target":{"@type":"EntryPoint","urlTemplate":"https:\/\/jazzparaeventos.com\/en\/?s={search_term_string}"},"query-input":{"@type":"PropertyValueSpecification","valueRequired":true,"valueName":"search_term_string"}}],"inLanguage":"en-US"}]}},"_links":{"self":[{"href":"https:\/\/jazzparaeventos.com\/en\/wp-json\/wp\/v2\/pages\/1045","targetHints":{"allow":["GET"]}}],"collection":[{"href":"https:\/\/jazzparaeventos.com\/en\/wp-json\/wp\/v2\/pages"}],"about":[{"href":"https:\/\/jazzparaeventos.com\/en\/wp-json\/wp\/v2\/types\/page"}],"author":[{"embeddable":true,"href":"https:\/\/jazzparaeventos.com\/en\/wp-json\/wp\/v2\/users\/1"}],"replies":[{"embeddable":true,"href":"https:\/\/jazzparaeventos.com\/en\/wp-json\/wp\/v2\/comments?post=1045"}],"version-history":[{"count":1,"href":"https:\/\/jazzparaeventos.com\/en\/wp-json\/wp\/v2\/pages\/1045\/revisions"}],"predecessor-version":[{"id":1046,"href":"https:\/\/jazzparaeventos.com\/en\/wp-json\/wp\/v2\/pages\/1045\/revisions\/1046"}],"wp:attachment":[{"href":"https:\/\/jazzparaeventos.com\/en\/wp-json\/wp\/v2\/media?parent=1045"}],"curies":[{"name":"wp","href":"https:\/\/api.w.org\/{rel}","templated":true}]}}